{"id":8,"date":"2016-01-04T20:07:57","date_gmt":"2016-01-04T19:07:57","guid":{"rendered":"http:\/\/tischlerei-herzog.de\/wordpress\/?page_id=8"},"modified":"2022-11-04T10:33:13","modified_gmt":"2022-11-04T09:33:13","slug":"moebel","status":"publish","type":"page","link":"http:\/\/tischlerei-herzog.de\/wordpress\/moebel\/","title":{"rendered":"M\u00f6bel"},"content":{"rendered":"<p>Das besondere Faible eines Tischlers sind nat\u00fcrlich die selbst hergestellten M\u00f6bel. Nach den bis vor einigen Jahren \u00fcblichen Schrankw\u00e4nden w\u00fcnscht der Privatkunde heute haupts\u00e4chlich Einzelm\u00f6bel. Nach wie vor wird auch gro\u00dfer Wert auf passgenaue Einbauschr\u00e4nke gelegt. Auch Anbauw\u00e4nde bed\u00fcrfen der kundigen Hand, wenn Sie sauber \u00fcber ganze Zimmerfronten verlaufen sollen.<\/p>\n<p>Ob ge\u00f6ltes Massivholz, furnierte Fl\u00e4chen, Schichtstoffverleimung oder deckend lackiert &#8211; selbst Metalliceffecte gibt es bei uns.Neue M\u00f6bel k\u00f6nnen dem Farbton vorhandener M\u00f6bel mit Beize angepa\u00dft werden.<\/p>\n<p>Neben den allgemein bekannten Holzarten Buche, Eiche, Kiefer und Fichte sind auch immer wieder Kirsche und Ahorn stets beliebte H\u00f6lzer f\u00fcr Ihre Wohnraumm\u00f6bel. Selbst nur die g\u00e4ngigsten Holzarten hier aufzuz\u00e4hlen, w\u00fcrde diesen Rahmen sprengen, da jede Holzart f\u00fcr den Liebhaber seine besonderen Reize hat.<\/p>\n<p>Wie unsere Berufsbezeichnung verr\u00e4t, bauen wir auch Tische. Beim Betrachten unserer Muster k\u00f6nnen Sie sehr individuelle und verschiedenartige Tische sehen.<\/p>\n","protected":false},"excerpt":{"rendered":"<p>Das besondere Faible eines Tischlers sind nat\u00fcrlich die selbst hergestellten M\u00f6bel. Nach den bis vor einigen Jahren \u00fcblichen Schrankw\u00e4nden w\u00fcnscht der Privatkunde heute haupts\u00e4chlich Einzelm\u00f6bel. Nach wie vor wird auch gro\u00dfer Wert auf passgenaue Einbauschr\u00e4nke gelegt. Auch Anbauw\u00e4nde bed\u00fcrfen der kundigen Hand, wenn Sie sauber \u00fcber ganze Zimmerfronten verlaufen sollen. Ob ge\u00f6ltes Massivholz, furnierte Fl\u00e4chen, [&hellip;]<\/p>\n","protected":false},"author":1,"featured_media":0,"parent":0,"menu_order":0,"comment_status":"closed","ping_status":"closed","template":"","meta":{"footnotes":""},"class_list":["post-8","page","type-page","status-publish","hentry","content-columns-1"],"_links":{"self":[{"href":"http:\/\/tischlerei-herzog.de\/wordpress\/wp-json\/wp\/v2\/pages\/8","targetHints":{"allow":["GET"]}}],"collection":[{"href":"http:\/\/tischlerei-herzog.de\/wordpress\/wp-json\/wp\/v2\/pages"}],"about":[{"href":"http:\/\/tischlerei-herzog.de\/wordpress\/wp-json\/wp\/v2\/types\/page"}],"author":[{"embeddable":true,"href":"http:\/\/tischlerei-herzog.de\/wordpress\/wp-json\/wp\/v2\/users\/1"}],"replies":[{"embeddable":true,"href":"http:\/\/tischlerei-herzog.de\/wordpress\/wp-json\/wp\/v2\/comments?post=8"}],"version-history":[{"count":2,"href":"http:\/\/tischlerei-herzog.de\/wordpress\/wp-json\/wp\/v2\/pages\/8\/revisions"}],"predecessor-version":[{"id":94,"href":"http:\/\/tischlerei-herzog.de\/wordpress\/wp-json\/wp\/v2\/pages\/8\/revisions\/94"}],"wp:attachment":[{"href":"http:\/\/tischlerei-herzog.de\/wordpress\/wp-json\/wp\/v2\/media?parent=8"}],"curies":[{"name":"wp","href":"https:\/\/api.w.org\/{rel}","templated":true}]}}