{"id":76,"date":"2022-11-04T10:22:12","date_gmt":"2022-11-04T09:22:12","guid":{"rendered":"http:\/\/tischlerei-herzog.de\/wordpress\/?page_id=76"},"modified":"2022-11-04T10:23:24","modified_gmt":"2022-11-04T09:23:24","slug":"wegbeschreibung","status":"publish","type":"page","link":"http:\/\/tischlerei-herzog.de\/wordpress\/firma\/wegbeschreibung\/","title":{"rendered":"Wegbeschreibung"},"content":{"rendered":"<h3 class=\"style2\">Lage<\/h3>\n<p><span class=\"style2\">Blankenhain\u00a0geh\u00f6rt zum Landkreis Weimarer Land und liegt im Zentrum Th\u00fcringens. Die Anfahrt von Erfurt, Weimar, Apolda, Jena und Rudolstadt betr\u00e4gt ca. 30 Minuten von den jeweiligen Stadtgrenzen.<\/span><\/p>\n<h3 class=\"style2\">Anfahrt<\/h3>\n<p><b class=\"style2\">von Erfurt \/ A4 von Eisenach<\/b><\/p>\n<p><span class=\"style2\">Sie erreichen uns am besten \u00fcber die Autobahnanschlu\u00dfstelle Erfurt Ost, fahren weiter Richtung Kranichfeld, in Klettbach biegen Sie nach links in Richtung Gutendorf ab. Diese Stra\u00dfe f\u00fchrt Sie direkt nach Bad Berka, ab hier ben\u00fctzen Sie die B 85 nach Blankenhain (Rudolstadt). In Blankenhain biegen Sie der Beschilderung zum Autobahnanschlu\u00df Magdala folgend nach links, hinter dem REWE-Markt auf der linken Seite k\u00f6nnen Sie dann auf unserem Firmengel\u00e4nde parken.<br \/>\n<\/span><br \/>\n<span class=\"style2\"><b>von Weimar<\/b><\/span><\/p>\n<p>Sie fahren \u00fcber die B 85 nach Blankenhain (Rudolstadt). In Blankenhain biegen Sie der Beschilderung zum Autobahnanschlu\u00df Magdala folgend nach links, hinter dem REWE-Markt auf der linken Seite k\u00f6nnen Sie dann auf unserem Firmengel\u00e4nde parken.<\/p>\n<p><span class=\"style2\"><b>von Rudolstadt<\/b><\/span><\/p>\n<p>Sie erreichen uns \u00fcber die B 85 nach Blankenhain (Weimar). In Blankenhain biegen Sie der Beschilderung zum Autobahnanschlu\u00df Magdala folgend nach rechts, hinter dem REWE-Markt auf der linken Seite k\u00f6nnen Sie dann auf unserem Firmengel\u00e4nde parken.<\/p>\n<p><b>von Jena \/ Apolda \/ A4 von Hermsdorf<\/b><\/p>\n<p>G\u00fcnstig ist die Strecke \u00fcber die B7 Abzweig Isserstedt. Von dort fahren Sie die Route Gro\u00dfschwabhausen, Magdala. Von Jena kommend k\u00f6nnen Sie auch die A4 Abzweig Magdala ben\u00fctzen. In Magdala folgen Sie der Beschilderung nach Blankenhain (Hauptstra\u00dfe). In Blankenhain fahren Sie am VW-Autohaus und Linde-F\u00f6rdertechnik vorbei. Wenn Sie die REWE-Werbung sehen, biegen Sie in der leichten Linkskurve (noch vor REWE) von der Stra\u00dfe auf unser Firmengel\u00e4nde ab.<\/p>\n<p><a href=\"https:\/\/www.google.com\/maps\/place\/Tischlerei+Herzog\/@50.8574745,11.3454785,17z\/data=!3m1!4b1!4m5!3m4!1s0x47a406b58649de5b:0x3b62b2ab1645e91!8m2!3d50.8574711!4d11.3476672\" target=\"_blank\" rel=\"noopener\">Planen Sie Ihre Anfahrt mit Google Maps<\/a><\/p>\n","protected":false},"excerpt":{"rendered":"<p>Lage Blankenhain\u00a0geh\u00f6rt zum Landkreis Weimarer Land und liegt im Zentrum Th\u00fcringens. Die Anfahrt von Erfurt, Weimar, Apolda, Jena und Rudolstadt betr\u00e4gt ca. 30 Minuten von den jeweiligen Stadtgrenzen. Anfahrt von Erfurt \/ A4 von Eisenach Sie erreichen uns am besten \u00fcber die Autobahnanschlu\u00dfstelle Erfurt Ost, fahren weiter Richtung Kranichfeld, in Klettbach biegen Sie nach links [&hellip;]<\/p>\n","protected":false},"author":1,"featured_media":0,"parent":6,"menu_order":0,"comment_status":"closed","ping_status":"closed","template":"","meta":{"footnotes":""},"class_list":["post-76","page","type-page","status-publish","hentry","content-columns-1"],"_links":{"self":[{"href":"http:\/\/tischlerei-herzog.de\/wordpress\/wp-json\/wp\/v2\/pages\/76","targetHints":{"allow":["GET"]}}],"collection":[{"href":"http:\/\/tischlerei-herzog.de\/wordpress\/wp-json\/wp\/v2\/pages"}],"about":[{"href":"http:\/\/tischlerei-herzog.de\/wordpress\/wp-json\/wp\/v2\/types\/page"}],"author":[{"embeddable":true,"href":"http:\/\/tischlerei-herzog.de\/wordpress\/wp-json\/wp\/v2\/users\/1"}],"replies":[{"embeddable":true,"href":"http:\/\/tischlerei-herzog.de\/wordpress\/wp-json\/wp\/v2\/comments?post=76"}],"version-history":[{"count":3,"href":"http:\/\/tischlerei-herzog.de\/wordpress\/wp-json\/wp\/v2\/pages\/76\/revisions"}],"predecessor-version":[{"id":80,"href":"http:\/\/tischlerei-herzog.de\/wordpress\/wp-json\/wp\/v2\/pages\/76\/revisions\/80"}],"up":[{"embeddable":true,"href":"http:\/\/tischlerei-herzog.de\/wordpress\/wp-json\/wp\/v2\/pages\/6"}],"wp:attachment":[{"href":"http:\/\/tischlerei-herzog.de\/wordpress\/wp-json\/wp\/v2\/media?parent=76"}],"curies":[{"name":"wp","href":"https:\/\/api.w.org\/{rel}","templated":true}]}}