{"id":33,"date":"2016-01-04T20:47:11","date_gmt":"2016-01-04T19:47:11","guid":{"rendered":"http:\/\/tischlerei-herzog.de\/wordpress\/?page_id=33"},"modified":"2022-11-04T11:01:42","modified_gmt":"2022-11-04T10:01:42","slug":"impressum","status":"publish","type":"page","link":"http:\/\/tischlerei-herzog.de\/wordpress\/impressum\/","title":{"rendered":"Impressum"},"content":{"rendered":"<p><strong>Impressum nach \u00a75 TMG<\/strong><\/p>\n<p><strong>Anschrift<\/strong><br \/>\nTischlerei Herzog &#8211; Inh. Hagen Herzog<br \/>\nGro\u00dfe Nonnengasse 24a<br \/>\n99444 Blankenhain<\/p>\n<p><strong>Telefon \/ Telefax<\/strong><br \/>\nTelefon: +49 36 45 9 \u2013 4 04 02<br \/>\nTelefax: +49 36 45 9 \u2013 4 04 03<\/p>\n<p><strong>Inhaber:<\/strong><br \/>\nHagen Herzog<\/p>\n<p><strong>Umsatzsteuer-Identifikationsnummer:<\/strong><br \/>\nDE 813 643 083<\/p>\n<p><strong>Verantwortlich f\u00fcr Inhalt und Pflege der Website v.i.S.d.P.:<\/strong><br \/>\nHagen Herzog<\/p>\n<p><strong>Template:<br \/>\n<\/strong><a href=\"http:\/\/siteorigin.com\" target=\"_blank\" rel=\"noopener\">SiteOrigin<\/a><\/p>\n<p><b>Technische Unterst\u00fctzung:<br \/>\n<\/b><a href=\"http:\/\/www.medien-partner.net\" target=\"_blank\" rel=\"noopener\">medien-partner.net<\/a><\/p>\n<p><b>Urheberrechtshinweis: \u00a0<\/b><br \/>\nDie Inhalte auf dieser und den \u00fcbrigen Seiten sowie die Gestaltung der Seiten unterliegen dem Urheberrecht der Tischlerei Herzog. Die Verbreitung ist nur mit der schriftlichen Genehmigung der Tischlerei Herzog zul\u00e4ssig. Dies gilt auch f\u00fcr die Aufnahme in elektronischen Datenbanken und die Vervielf\u00e4ltigung auf CD-ROM.<\/p>\n<p class=\"bodytext\"><b>Gew\u00e4hrleistungsausschluss\/Haftung:<\/b><br \/>\nDie Tischlerei Herzog macht bez\u00fcglich der Informationen auf der Website keine Angaben zur Eignung dieser Informationen f\u00fcr bestimmte Zwecke. Die Informationen werden \u201cwie besehen\u201d und ohne Gew\u00e4hrleistung, gleich aus welchem Rechtsgrund, dem Benutzer zur Verf\u00fcgung gestellt. Bei den Informationen handelt es sich um kein Angebot im rechtlichen Sinn. Die Tischlerei Herzog beh\u00e4lt sich das Recht vor, die Website der Tischlerei Herzog jederzeit zu erg\u00e4nzen oder Informationen zu \u00e4ndern oder zu l\u00f6schen.<\/p>\n<p class=\"bodytext\">Die Tischlerei Herzog \u00fcbernimmt keine Gew\u00e4hrleistung, dass Informationen, Software oder anderes Material, welches \u00fcber die Website der Tischlerei Herzog bezogen wird, frei von Viren oder sch\u00e4dlichen Komponenten ist.<\/p>\n<p class=\"bodytext\">Schadenersatzanspr\u00fcche gegen\u00fcber der Tischlerei Herzog im Zusammenhang mit den Informationen auf dieser Website, gleich aus welchem Rechtsgrund, insbesondere aus positiver Forderungsverletzung, aus Verletzung von Pflichten bei Vertragsverhandlungen oder aus unerlaubter Handlung sind ausgeschlossen. Dies gilt nicht soweit, z.B. in den F\u00e4llen des Vorsatzes, der groben Fahrl\u00e4ssigkeit, des Fehlens zugesicherter Eigenschaften oder der Verletzung wesentlicher Vertragspflichten zwingend gehaftet wird. Der Schadenersatz f\u00fcr die Verletzung wesentlicher Vertragspflichten ist jedoch auf die vertragstypischen, vorhersehbaren Sch\u00e4den begrenzt, soweit nicht Vorsatz oder grobe Fahrl\u00e4ssigkeit vorliegen. Eine \u00c4nderung der Beweislast zum Nachteil des Benutzers ist mit den vorstehenden Regelungen nicht verbunden.<\/p>\n<p class=\"bodytext\"><b>Links:<\/b><br \/>\nDie Tischlerei Herzog oder Dritte k\u00f6nnen Links zu anderen Webseiten (\u201cSites\u201d) oder Quellen erstellen. Die Tischlerei Herzog verf\u00fcgt \u00fcber keinerlei Einfluss und Kontrollm\u00f6glichkeiten \u00fcber solche Sites oder Quellen und ist f\u00fcr die Verf\u00fcgbarkeit solcher externen Sites oder Quellen nicht verantwortlich oder haftbar, macht sich Inhalte, die auf solchen Sites oder Quellen zug\u00e4nglich sind, nicht zu eigen und schlie\u00dft jede Haftung oder Gew\u00e4hrleistung in Bezug auf diese aus.<\/p>\n<p><b>Datenschutzerkl\u00e4rung:<br \/>\n<\/b>Verantwortliche Stelle im Sinne der Datenschutzgesetze ist die: Tischlerei Herzog<br \/>\nWenn Sie Fragen zum Datenschutz haben, schreiben Sie uns bitte eine E-Mail oder wenden Sie sich direkt an uns.<\/p>\n","protected":false},"excerpt":{"rendered":"<p>Impressum nach \u00a75 TMG Anschrift Tischlerei Herzog &#8211; Inh. Hagen Herzog Gro\u00dfe Nonnengasse 24a 99444 Blankenhain Telefon \/ Telefax Telefon: +49 36 45 9 \u2013 4 04 02 Telefax: +49 36 45 9 \u2013 4 04 03 Inhaber: Hagen Herzog Umsatzsteuer-Identifikationsnummer: DE 813 643 083 Verantwortlich f\u00fcr Inhalt und Pflege der Website v.i.S.d.P.: Hagen Herzog [&hellip;]<\/p>\n","protected":false},"author":1,"featured_media":0,"parent":0,"menu_order":0,"comment_status":"closed","ping_status":"closed","template":"","meta":{"footnotes":""},"class_list":["post-33","page","type-page","status-publish","hentry","content-columns-1"],"_links":{"self":[{"href":"http:\/\/tischlerei-herzog.de\/wordpress\/wp-json\/wp\/v2\/pages\/33","targetHints":{"allow":["GET"]}}],"collection":[{"href":"http:\/\/tischlerei-herzog.de\/wordpress\/wp-json\/wp\/v2\/pages"}],"about":[{"href":"http:\/\/tischlerei-herzog.de\/wordpress\/wp-json\/wp\/v2\/types\/page"}],"author":[{"embeddable":true,"href":"http:\/\/tischlerei-herzog.de\/wordpress\/wp-json\/wp\/v2\/users\/1"}],"replies":[{"embeddable":true,"href":"http:\/\/tischlerei-herzog.de\/wordpress\/wp-json\/wp\/v2\/comments?post=33"}],"version-history":[{"count":5,"href":"http:\/\/tischlerei-herzog.de\/wordpress\/wp-json\/wp\/v2\/pages\/33\/revisions"}],"predecessor-version":[{"id":126,"href":"http:\/\/tischlerei-herzog.de\/wordpress\/wp-json\/wp\/v2\/pages\/33\/revisions\/126"}],"wp:attachment":[{"href":"http:\/\/tischlerei-herzog.de\/wordpress\/wp-json\/wp\/v2\/media?parent=33"}],"curies":[{"name":"wp","href":"https:\/\/api.w.org\/{rel}","templated":true}]}}