{"id":26,"date":"2016-01-04T20:43:06","date_gmt":"2016-01-04T19:43:06","guid":{"rendered":"http:\/\/tischlerei-herzog.de\/wordpress\/?page_id=26"},"modified":"2022-11-04T10:33:49","modified_gmt":"2022-11-04T09:33:49","slug":"wetterhuetten","status":"publish","type":"page","link":"http:\/\/tischlerei-herzog.de\/wordpress\/wetterhuetten\/","title":{"rendered":"Wetterh\u00fctten"},"content":{"rendered":"<div id=\"attachment_90\" style=\"width: 221px\" class=\"wp-caption alignright\"><img loading=\"lazy\" decoding=\"async\" aria-describedby=\"caption-attachment-90\" class=\"size-medium wp-image-90\" src=\"http:\/\/tischlerei-herzog.de\/wordpress\/wp-content\/uploads\/2022\/11\/h85-211x300.jpg\" alt=\"Wetterh\u00fctte\" width=\"211\" height=\"300\" srcset=\"http:\/\/tischlerei-herzog.de\/wordpress\/wp-content\/uploads\/2022\/11\/h85-211x300.jpg 211w, http:\/\/tischlerei-herzog.de\/wordpress\/wp-content\/uploads\/2022\/11\/h85.jpg 227w\" sizes=\"auto, (max-width: 211px) 100vw, 211px\" \/><p id=\"caption-attachment-90\" class=\"wp-caption-text\">Wetterh\u00fctte<\/p><\/div>\n<p>Mit diesen H\u00fctten sind nicht die kleinen H\u00e4uschen mit M\u00e4nnlein und Weiblein, die sich je nach Wetterlage als Symbol f\u00fcr gutes oder schlechtes Wetter zeigen, gemeint. Die von uns hergestellten Wetterh\u00fctten dienen der Aufnahme und dem Schutz von hochsensiblen meteorologischen Messger\u00e4ten wie Thermo-Hygrographen oder Min.-Max.-Thermometern und Datenschreibern.<\/p>\n<p>Wetterh\u00fctten f\u00fcr meteorologische Messungen werden schon seit einigen Jahrzehnten &#8211; in der Grundkonstruktion fast unver\u00e4ndert &#8211; hergestellt. Die Produktion in den R\u00e4umen der Tischlerei Herzog l\u00e4sst sich bis in die 50-ziger Jahre zur\u00fcckverfolgen. Trotzdem bleibt die Entwicklung nicht stehen. So kommen heute wasserfeste Schichtstoffplatten zum Einsatz oder ehemals h\u00f6lzerne Treppen werden wegen des Unfallschutzes durch Stahltreppen ersetzt.<\/p>\n<p>Die seit Jahren nach techn. Standards durchgef\u00fchrten Messungen werden zum Beispiel durch den deutschen Wetterdienst, Talsperrenverwaltungen, Kurorte und auch in einigen Schulen durchgef\u00fchrt. Durch diese einheitliche Aufzeichnungsmethode der Klimadaten ist eine Vergleichbarkeit der Daten gesichert. Die Aufstellung der Messger\u00e4te in den H\u00fctten mit den entsprechenden dazugeh\u00f6rigen Gestellen ist die Grundlage f\u00fcr ein richtiges Messergebnis. Jedem sind Temperaturunterschiede je nach Bodenabstand, an gesch\u00fctzten Hausecken oder unter direkter Sonneneinstrahlung bekannt. Diese St\u00f6rfaktoren werden hier ausgeschlossen. Aufstellung auf &#8222;freiem Feld&#8220;, die H\u00f6he ist durch das Untergestell fixiert, die Messger\u00e4te sind in einem weisen Geh\u00e4use untergebracht. Durch \u00d6ffnungen kann Luft zirkulieren. Die Ger\u00e4te sind vor Sonneneinstrahlung, V\u00f6geln und kleinen Tieren gesch\u00fctzt.<\/p>\n<div id=\"attachment_89\" style=\"width: 310px\" class=\"wp-caption alignright\"><img loading=\"lazy\" decoding=\"async\" aria-describedby=\"caption-attachment-89\" class=\"size-medium wp-image-89\" src=\"http:\/\/tischlerei-herzog.de\/wordpress\/wp-content\/uploads\/2022\/11\/g90_5-300x204.jpg\" alt=\"Wetterh\u00fctte\" width=\"300\" height=\"204\" srcset=\"http:\/\/tischlerei-herzog.de\/wordpress\/wp-content\/uploads\/2022\/11\/g90_5-300x204.jpg 300w, http:\/\/tischlerei-herzog.de\/wordpress\/wp-content\/uploads\/2022\/11\/g90_5.jpg 315w\" sizes=\"auto, (max-width: 300px) 100vw, 300px\" \/><p id=\"caption-attachment-89\" class=\"wp-caption-text\">Wetterh\u00fctte<\/p><\/div>\n<p>Die Wetterh\u00fctten sind bei uns entsprechend dem Einsatzzweck in drei verschiedenen Gr\u00f6\u00dfen vorr\u00e4tig. Gestelle, Treppen und Standrohre werden je nach Bedarf mitgeliefert. F\u00fcr die ger\u00e4tetechnische Ausstattung arbeiten wir mit einem leistungsstarken Partner zusammen.<\/p>\n<p><i>English Version<\/i><\/p>\n<p>By these cottages, the small little houses are not meant with little man and little woman, who appear as symbol of good or bad weather according to weather situation. The weather cottages produced by us serve the reception and the protection of high-sensitive meteorological measuring instruments like thermo hygro graphs or min.s-Maximum-Thermometers and data writers.<\/p>\n<p>Weather cottages for meteorological measurements become already since some decades, in the basic construction almost unchanged, produced. The production in the spaces the Tischlerei duke leaves itself retrace until years 50-umpteen into them\/her\/it. Nevertheless, the development doesn&#8217;t stop. So waterproof work period material plates are put into action today or are replaced formerly wooden stairways with steel stairways because of the accident protection.<\/p>\n<div id=\"attachment_86\" style=\"width: 220px\" class=\"wp-caption alignright\"><img loading=\"lazy\" decoding=\"async\" aria-describedby=\"caption-attachment-86\" class=\"size-medium wp-image-86\" src=\"http:\/\/tischlerei-herzog.de\/wordpress\/wp-content\/uploads\/2022\/11\/g90_2-210x300.jpg\" alt=\"Wetterh\u00fctte\" width=\"210\" height=\"300\" srcset=\"http:\/\/tischlerei-herzog.de\/wordpress\/wp-content\/uploads\/2022\/11\/g90_2-210x300.jpg 210w, http:\/\/tischlerei-herzog.de\/wordpress\/wp-content\/uploads\/2022\/11\/g90_2.jpg 227w\" sizes=\"auto, (max-width: 210px) 100vw, 210px\" \/><p id=\"caption-attachment-86\" class=\"wp-caption-text\">Wetterh\u00fctte<\/p><\/div>\n<p>This for many years after techn. Standards executed measurements become health resorts through the German weather service, barrage managing boards, for example, and executed also in some schools. Through this uniform record method of the climate data, a comparability of the data is locked. The arrangement of the measuring instruments in the cottages with the corresponding appropriate stands is the basis for a correct measuring result. For everyone, temperature differences are known according to base indemnification, at protected house corners or under direct sun no radiation. These sturgeon elements are excluded here. Arrangement on. free field&#8220;, the height is fixed through the base, the measuring instruments are accommodated in a wise casing. Through openings, air can circulate. The appliances are protected from sun no radiation, birds and small animals.<\/p>\n<p>The weather cottages are on stock in three different sizes with us in accordance with the usage purpose. Stands, stairways and stand tubes are included according to requirement. For the hardware equipment, we work together with a powerful associate.<\/p>\n","protected":false},"excerpt":{"rendered":"<p>Mit diesen H\u00fctten sind nicht die kleinen H\u00e4uschen mit M\u00e4nnlein und Weiblein, die sich je nach Wetterlage als Symbol f\u00fcr gutes oder schlechtes Wetter zeigen, gemeint. Die von uns hergestellten Wetterh\u00fctten dienen der Aufnahme und dem Schutz von hochsensiblen meteorologischen Messger\u00e4ten wie Thermo-Hygrographen oder Min.-Max.-Thermometern und Datenschreibern. Wetterh\u00fctten f\u00fcr meteorologische Messungen werden schon seit einigen [&hellip;]<\/p>\n","protected":false},"author":1,"featured_media":0,"parent":0,"menu_order":0,"comment_status":"closed","ping_status":"closed","template":"","meta":{"footnotes":""},"class_list":["post-26","page","type-page","status-publish","hentry","content-columns-1"],"_links":{"self":[{"href":"http:\/\/tischlerei-herzog.de\/wordpress\/wp-json\/wp\/v2\/pages\/26","targetHints":{"allow":["GET"]}}],"collection":[{"href":"http:\/\/tischlerei-herzog.de\/wordpress\/wp-json\/wp\/v2\/pages"}],"about":[{"href":"http:\/\/tischlerei-herzog.de\/wordpress\/wp-json\/wp\/v2\/types\/page"}],"author":[{"embeddable":true,"href":"http:\/\/tischlerei-herzog.de\/wordpress\/wp-json\/wp\/v2\/users\/1"}],"replies":[{"embeddable":true,"href":"http:\/\/tischlerei-herzog.de\/wordpress\/wp-json\/wp\/v2\/comments?post=26"}],"version-history":[{"count":4,"href":"http:\/\/tischlerei-herzog.de\/wordpress\/wp-json\/wp\/v2\/pages\/26\/revisions"}],"predecessor-version":[{"id":93,"href":"http:\/\/tischlerei-herzog.de\/wordpress\/wp-json\/wp\/v2\/pages\/26\/revisions\/93"}],"wp:attachment":[{"href":"http:\/\/tischlerei-herzog.de\/wordpress\/wp-json\/wp\/v2\/media?parent=26"}],"curies":[{"name":"wp","href":"https:\/\/api.w.org\/{rel}","templated":true}]}}